{"id":98,"date":"2021-07-01T03:11:02","date_gmt":"2021-07-01T01:11:02","guid":{"rendered":"http:\/\/localhost\/blog\/?page_id=98"},"modified":"2023-01-18T20:43:20","modified_gmt":"2023-01-18T19:43:20","slug":"paravent","status":"publish","type":"page","link":"https:\/\/chroniques-etrange-no.fr\/blog\/paravent\/","title":{"rendered":"Paravent"},"content":{"rendered":"<div class=\"wp-block-image\">\n<figure class=\"aligncenter size-large\"><img loading=\"lazy\" decoding=\"async\" width=\"800\" height=\"800\" src=\"http:\/\/localhost\/blog\/wp-content\/uploads\/2021\/07\/les-chroniques-de-l-etrange-paravent.jpg\" alt=\"\" class=\"wp-image-192\" srcset=\"https:\/\/chroniques-etrange-no.fr\/blog\/wp-content\/uploads\/2021\/07\/les-chroniques-de-l-etrange-paravent.jpg 800w, https:\/\/chroniques-etrange-no.fr\/blog\/wp-content\/uploads\/2021\/07\/les-chroniques-de-l-etrange-paravent-300x300.jpg 300w, https:\/\/chroniques-etrange-no.fr\/blog\/wp-content\/uploads\/2021\/07\/les-chroniques-de-l-etrange-paravent-150x150.jpg 150w, https:\/\/chroniques-etrange-no.fr\/blog\/wp-content\/uploads\/2021\/07\/les-chroniques-de-l-etrange-paravent-768x768.jpg 768w\" sizes=\"auto, (max-width: 800px) 100vw, 800px\" \/><\/figure>\n<\/div>\n\n\n<p class=\"has-text-align-center\"><strong>Le Paravent<br>Langue\u00a0<\/strong>: Fran\u00e7ais<br><strong>R\u00e9f\u00e9rence :<\/strong>\u00a0JDRAME021<br><strong>ISBN :<\/strong>\u00a03770016031080<br><strong>Mat\u00e9riel :<\/strong>\u00a0Ecran 3 volets format paysage.<\/p>\n\n\n\n<p align=\"center\"><a href=\"https:\/\/antre-monde.com\/?page_id=1325\"><img decoding=\"async\" src=\"https:\/\/chroniques-etrange-no.fr\/images\/logo_antre_monde_petit.png\"><\/a><\/p>\n","protected":false},"excerpt":{"rendered":"<p>Le ParaventLangue\u00a0: Fran\u00e7aisR\u00e9f\u00e9rence :\u00a0JDRAME021ISBN :\u00a03770016031080Mat\u00e9riel :\u00a0Ecran 3 volets format paysage.<\/p>\n","protected":false},"author":1,"featured_media":0,"parent":0,"menu_order":0,"comment_status":"closed","ping_status":"closed","template":"","meta":{"footnotes":""},"class_list":["post-98","page","type-page","status-publish","hentry"],"_links":{"self":[{"href":"https:\/\/chroniques-etrange-no.fr\/blog\/wp-json\/wp\/v2\/pages\/98","targetHints":{"allow":["GET"]}}],"collection":[{"href":"https:\/\/chroniques-etrange-no.fr\/blog\/wp-json\/wp\/v2\/pages"}],"about":[{"href":"https:\/\/chroniques-etrange-no.fr\/blog\/wp-json\/wp\/v2\/types\/page"}],"author":[{"embeddable":true,"href":"https:\/\/chroniques-etrange-no.fr\/blog\/wp-json\/wp\/v2\/users\/1"}],"replies":[{"embeddable":true,"href":"https:\/\/chroniques-etrange-no.fr\/blog\/wp-json\/wp\/v2\/comments?post=98"}],"version-history":[{"count":4,"href":"https:\/\/chroniques-etrange-no.fr\/blog\/wp-json\/wp\/v2\/pages\/98\/revisions"}],"predecessor-version":[{"id":495,"href":"https:\/\/chroniques-etrange-no.fr\/blog\/wp-json\/wp\/v2\/pages\/98\/revisions\/495"}],"wp:attachment":[{"href":"https:\/\/chroniques-etrange-no.fr\/blog\/wp-json\/wp\/v2\/media?parent=98"}],"curies":[{"name":"wp","href":"https:\/\/api.w.org\/{rel}","templated":true}]}}