{"id":63,"date":"2021-07-01T02:23:06","date_gmt":"2021-07-01T00:23:06","guid":{"rendered":"http:\/\/localhost\/blog\/?page_id=63"},"modified":"2021-07-01T18:35:29","modified_gmt":"2021-07-01T16:35:29","slug":"les-gardiens-celestes","status":"publish","type":"page","link":"https:\/\/chroniques-etrange-no.fr\/blog\/les-gardiens-celestes\/","title":{"rendered":"Les Gardiens C\u00e9lestes"},"content":{"rendered":"\n<div class=\"wp-block-image\"><figure class=\"aligncenter size-large\"><img loading=\"lazy\" decoding=\"async\" width=\"507\" height=\"800\" src=\"http:\/\/localhost\/blog\/wp-content\/uploads\/2021\/07\/03_gardiens_celestes.jpg\" alt=\"\" class=\"wp-image-37\" srcset=\"https:\/\/chroniques-etrange-no.fr\/blog\/wp-content\/uploads\/2021\/07\/03_gardiens_celestes.jpg 507w, https:\/\/chroniques-etrange-no.fr\/blog\/wp-content\/uploads\/2021\/07\/03_gardiens_celestes-190x300.jpg 190w\" sizes=\"auto, (max-width: 507px) 100vw, 507px\" \/><\/figure><\/div>\n\n\n\n<p class=\"has-text-align-center\"><strong>Les Gardiens C\u00e9lestes, tome 3<\/strong><br>Manipul\u00e9 et trahi, Johnny Kwan a essuy\u00e9 une cuisante d\u00e9faite qui a vu le terrible Premier Empereur de Chine revenir \u00e0 la vie.<br>D\u00e9sormais, Anthony Chau et les Cinq Venins r\u00e8gnent sur la ville, tandis que dans les bas fonds, la cruelle Triade des Trois Lotus a pris le pouvoir. Pire encore, des dieux sont assassin\u00e9s dans toute la ville.<br>S&rsquo;il veut vaincre son ennemi jur\u00e9 et mettre fin \u00e0 ses plans funestes, Johnny va devoir trouver de nouveaux alli\u00e9s et, peut-\u00eatre, m\u00eame, r\u00e9unir les Gardiens c\u00e9lestes. Mais o\u00f9 se trouvent ces \u00eatres exceptionnels, destin\u00e9s \u00e0 sauver tout ce qui existe sous le Ciel\u00a0?<\/p>\n\n\n\n<p class=\"has-text-align-center\"><strong>Livre Grand Format :<\/strong><\/p>\n\n\n\n<p align=\"center\"><a href=\"https:\/\/www.amazon.fr\/gp\/product\/2375790154\/ref=dbs_a_def_rwt_hsch_vamf_taft_p1_i0\"><img decoding=\"async\" src=\"https:\/\/chroniques-etrange-no.fr\/images\/logo_amazon_petit.png\"><\/a><\/p>\n\n\n\n<p align=\"center\"><a href=\"https:\/\/livre.fnac.com\/a12617160\/Romain-d-Huissier-Chroniques-de-l-etrange-3-les-gardiens-celestes\"><img decoding=\"async\" src=\"https:\/\/chroniques-etrange-no.fr\/images\/logo_fnac_petit.png\"><\/a><\/p>\n\n\n\n<p align=\"center\"><a href=\"https:\/\/www.decitre.fr\/livres\/les-chroniques-de-l-etrange-tome-3-les-gardiens-celestes-9782375790151.html\"><img decoding=\"async\" src=\"https:\/\/chroniques-etrange-no.fr\/images\/logo_decitre_petit.png\"><\/a><\/p>\n\n\n\n<p class=\"has-text-align-center\"><strong>Format Poche :<\/strong><\/p>\n\n\n\n<p align=\"center\"><a href=\"https:\/\/www.amazon.fr\/Chroniques-l%C3%89trange-III-Gardiens-c%C3%A9lestes\/dp\/2072870429\/\"><img decoding=\"async\" src=\"https:\/\/chroniques-etrange-no.fr\/images\/logo_amazon_petit.png\"><\/a><\/p>\n\n\n\n<p align=\"center\"><a href=\"https:\/\/livre.fnac.com\/a13994828\/Les-chroniques-de-l-etrange-Chroniques-de-l-etrange-iii-Tome-3-Les-Gardiens-celestes-Romain-d-Huissier\"><img decoding=\"async\" src=\"https:\/\/chroniques-etrange-no.fr\/images\/logo_fnac_petit.png\"><\/a><\/p>\n\n\n\n<p align=\"center\"><a href=\"https:\/\/www.decitre.fr\/livres\/les-chroniques-de-l-etrange-tome-3-les-gardiens-celestes-9782072870422.html\"><img decoding=\"async\" src=\"https:\/\/chroniques-etrange-no.fr\/images\/logo_decitre_petit.png\"><\/a><\/p>\n","protected":false},"excerpt":{"rendered":"<p>Les Gardiens C\u00e9lestes, tome 3Manipul\u00e9 et trahi, Johnny Kwan a essuy\u00e9 une cuisante d\u00e9faite qui a vu le terrible Premier Empereur de Chine revenir \u00e0 la vie.D\u00e9sormais, Anthony Chau et les Cinq Venins r\u00e8gnent sur la ville, tandis que dans les bas fonds, la cruelle Triade des Trois Lotus a pris le pouvoir. Pire encore, [&hellip;]<\/p>\n","protected":false},"author":1,"featured_media":0,"parent":0,"menu_order":0,"comment_status":"closed","ping_status":"closed","template":"","meta":{"footnotes":""},"class_list":["post-63","page","type-page","status-publish","hentry"],"_links":{"self":[{"href":"https:\/\/chroniques-etrange-no.fr\/blog\/wp-json\/wp\/v2\/pages\/63","targetHints":{"allow":["GET"]}}],"collection":[{"href":"https:\/\/chroniques-etrange-no.fr\/blog\/wp-json\/wp\/v2\/pages"}],"about":[{"href":"https:\/\/chroniques-etrange-no.fr\/blog\/wp-json\/wp\/v2\/types\/page"}],"author":[{"embeddable":true,"href":"https:\/\/chroniques-etrange-no.fr\/blog\/wp-json\/wp\/v2\/users\/1"}],"replies":[{"embeddable":true,"href":"https:\/\/chroniques-etrange-no.fr\/blog\/wp-json\/wp\/v2\/comments?post=63"}],"version-history":[{"count":5,"href":"https:\/\/chroniques-etrange-no.fr\/blog\/wp-json\/wp\/v2\/pages\/63\/revisions"}],"predecessor-version":[{"id":321,"href":"https:\/\/chroniques-etrange-no.fr\/blog\/wp-json\/wp\/v2\/pages\/63\/revisions\/321"}],"wp:attachment":[{"href":"https:\/\/chroniques-etrange-no.fr\/blog\/wp-json\/wp\/v2\/media?parent=63"}],"curies":[{"name":"wp","href":"https:\/\/api.w.org\/{rel}","templated":true}]}}