{"id":535,"date":"2023-04-26T11:48:58","date_gmt":"2023-04-26T09:48:58","guid":{"rendered":"https:\/\/chroniques-etrange-no.fr\/blog\/?page_id=535"},"modified":"2023-04-26T12:04:42","modified_gmt":"2023-04-26T10:04:42","slug":"tous-les-pre-tires-du-ldb","status":"publish","type":"page","link":"https:\/\/chroniques-etrange-no.fr\/blog\/tous-les-pre-tires-du-ldb\/","title":{"rendered":"Tous les pr\u00e9-tir\u00e9s du LdB"},"content":{"rendered":"<div class=\"wp-block-image\">\n<figure class=\"aligncenter size-large is-resized\"><img loading=\"lazy\" decoding=\"async\" src=\"https:\/\/chroniques-etrange-no.fr\/blog\/wp-content\/uploads\/2023\/04\/pretires-ok-724x1024.jpg\" alt=\"\" class=\"wp-image-542\" width=\"503\" height=\"711\" srcset=\"https:\/\/chroniques-etrange-no.fr\/blog\/wp-content\/uploads\/2023\/04\/pretires-ok-724x1024.jpg 724w, https:\/\/chroniques-etrange-no.fr\/blog\/wp-content\/uploads\/2023\/04\/pretires-ok-212x300.jpg 212w, https:\/\/chroniques-etrange-no.fr\/blog\/wp-content\/uploads\/2023\/04\/pretires-ok-768x1086.jpg 768w, https:\/\/chroniques-etrange-no.fr\/blog\/wp-content\/uploads\/2023\/04\/pretires-ok.jpg 794w\" sizes=\"auto, (max-width: 503px) 100vw, 503px\" \/><figcaption class=\"wp-element-caption\"><strong>Personnages pr\u00e9-tir\u00e9s<\/strong><\/figcaption><\/figure>\n<\/div>\n\n\n<p class=\"has-text-align-center\">\u00c0 t\u00e9l\u00e9charger gratuitement pour tous ici :<\/p>\n\n\n\n<p class=\"has-text-align-center\"><a href=\"https:\/\/antre-monde.com\/les-chroniques-de-letrengae\/\" target=\"_blank\" rel=\"noreferrer noopener\">https:\/\/antre-monde.com\/les-chroniques-de-letrengae\/<\/a><\/p>\n","protected":false},"excerpt":{"rendered":"<p>\u00c0 t\u00e9l\u00e9charger gratuitement pour tous ici : https:\/\/antre-monde.com\/les-chroniques-de-letrengae\/<\/p>\n","protected":false},"author":1,"featured_media":0,"parent":0,"menu_order":0,"comment_status":"closed","ping_status":"closed","template":"","meta":{"footnotes":""},"class_list":["post-535","page","type-page","status-publish","hentry"],"_links":{"self":[{"href":"https:\/\/chroniques-etrange-no.fr\/blog\/wp-json\/wp\/v2\/pages\/535","targetHints":{"allow":["GET"]}}],"collection":[{"href":"https:\/\/chroniques-etrange-no.fr\/blog\/wp-json\/wp\/v2\/pages"}],"about":[{"href":"https:\/\/chroniques-etrange-no.fr\/blog\/wp-json\/wp\/v2\/types\/page"}],"author":[{"embeddable":true,"href":"https:\/\/chroniques-etrange-no.fr\/blog\/wp-json\/wp\/v2\/users\/1"}],"replies":[{"embeddable":true,"href":"https:\/\/chroniques-etrange-no.fr\/blog\/wp-json\/wp\/v2\/comments?post=535"}],"version-history":[{"count":6,"href":"https:\/\/chroniques-etrange-no.fr\/blog\/wp-json\/wp\/v2\/pages\/535\/revisions"}],"predecessor-version":[{"id":545,"href":"https:\/\/chroniques-etrange-no.fr\/blog\/wp-json\/wp\/v2\/pages\/535\/revisions\/545"}],"wp:attachment":[{"href":"https:\/\/chroniques-etrange-no.fr\/blog\/wp-json\/wp\/v2\/media?parent=535"}],"curies":[{"name":"wp","href":"https:\/\/api.w.org\/{rel}","templated":true}]}}