{"id":496,"date":"2023-01-18T20:50:39","date_gmt":"2023-01-18T19:50:39","guid":{"rendered":"https:\/\/chroniques-etrange-no.fr\/blog\/?page_id=496"},"modified":"2023-01-18T21:01:49","modified_gmt":"2023-01-18T20:01:49","slug":"5-livrets-du-joueur","status":"publish","type":"page","link":"https:\/\/chroniques-etrange-no.fr\/blog\/5-livrets-du-joueur\/","title":{"rendered":"5 Livrets du Joueur"},"content":{"rendered":"<div class=\"wp-block-image\">\n<figure class=\"aligncenter size-large is-resized\"><img loading=\"lazy\" decoding=\"async\" src=\"https:\/\/chroniques-etrange-no.fr\/blog\/wp-content\/uploads\/2023\/01\/LivretJoueurCdE-741x1024.jpg\" alt=\"\" class=\"wp-image-497\" width=\"556\" height=\"768\" srcset=\"https:\/\/chroniques-etrange-no.fr\/blog\/wp-content\/uploads\/2023\/01\/LivretJoueurCdE-741x1024.jpg 741w, https:\/\/chroniques-etrange-no.fr\/blog\/wp-content\/uploads\/2023\/01\/LivretJoueurCdE-217x300.jpg 217w, https:\/\/chroniques-etrange-no.fr\/blog\/wp-content\/uploads\/2023\/01\/LivretJoueurCdE-768x1061.jpg 768w, https:\/\/chroniques-etrange-no.fr\/blog\/wp-content\/uploads\/2023\/01\/LivretJoueurCdE-1112x1536.jpg 1112w, https:\/\/chroniques-etrange-no.fr\/blog\/wp-content\/uploads\/2023\/01\/LivretJoueurCdE-1483x2048.jpg 1483w, https:\/\/chroniques-etrange-no.fr\/blog\/wp-content\/uploads\/2023\/01\/LivretJoueurCdE-scaled.jpg 1854w\" sizes=\"auto, (max-width: 556px) 100vw, 556px\" \/><\/figure>\n<\/div>\n\n\n<p class=\"has-text-align-center\"><strong>Livret du Joueur<\/strong><\/p>\n\n\n\n<p class=\"has-text-align-center\"><strong>Langue :<\/strong>&nbsp;Fran\u00e7ais<br><strong>R\u00e9f\u00e9rence :<\/strong>&nbsp;JDRAME022<br><strong>ISBN&nbsp;<\/strong>: 9782490703234<br><strong>Mat\u00e9riel :<\/strong>&nbsp;5 Livrets de personnages \u00e0 couverture souple de 12 pages chacun comportant un r\u00e9sum\u00e9 du syst\u00e8me de jeu et une double fiche de personnage.<\/p>\n\n\n\n<p align=\"center\"><a href=\"https:\/\/antre-monde.com\/?page_id=1325\"><img decoding=\"async\" src=\"https:\/\/chroniques-etrange-no.fr\/images\/logo_antre_monde_petit.png\"><\/a><\/p>\n","protected":false},"excerpt":{"rendered":"<p>Livret du Joueur Langue :&nbsp;Fran\u00e7aisR\u00e9f\u00e9rence :&nbsp;JDRAME022ISBN&nbsp;: 9782490703234Mat\u00e9riel :&nbsp;5 Livrets de personnages \u00e0 couverture souple de 12 pages chacun comportant un r\u00e9sum\u00e9 du syst\u00e8me de jeu et une double fiche de personnage.<\/p>\n","protected":false},"author":1,"featured_media":0,"parent":0,"menu_order":0,"comment_status":"closed","ping_status":"closed","template":"","meta":{"footnotes":""},"class_list":["post-496","page","type-page","status-publish","hentry"],"_links":{"self":[{"href":"https:\/\/chroniques-etrange-no.fr\/blog\/wp-json\/wp\/v2\/pages\/496","targetHints":{"allow":["GET"]}}],"collection":[{"href":"https:\/\/chroniques-etrange-no.fr\/blog\/wp-json\/wp\/v2\/pages"}],"about":[{"href":"https:\/\/chroniques-etrange-no.fr\/blog\/wp-json\/wp\/v2\/types\/page"}],"author":[{"embeddable":true,"href":"https:\/\/chroniques-etrange-no.fr\/blog\/wp-json\/wp\/v2\/users\/1"}],"replies":[{"embeddable":true,"href":"https:\/\/chroniques-etrange-no.fr\/blog\/wp-json\/wp\/v2\/comments?post=496"}],"version-history":[{"count":3,"href":"https:\/\/chroniques-etrange-no.fr\/blog\/wp-json\/wp\/v2\/pages\/496\/revisions"}],"predecessor-version":[{"id":503,"href":"https:\/\/chroniques-etrange-no.fr\/blog\/wp-json\/wp\/v2\/pages\/496\/revisions\/503"}],"wp:attachment":[{"href":"https:\/\/chroniques-etrange-no.fr\/blog\/wp-json\/wp\/v2\/media?parent=496"}],"curies":[{"name":"wp","href":"https:\/\/api.w.org\/{rel}","templated":true}]}}