{"id":250,"date":"2021-07-01T08:40:24","date_gmt":"2021-07-01T06:40:24","guid":{"rendered":"https:\/\/chroniques-etrange-no.fr\/blog\/?page_id=250"},"modified":"2021-07-01T21:57:23","modified_gmt":"2021-07-01T19:57:23","slug":"musiques","status":"publish","type":"page","link":"https:\/\/chroniques-etrange-no.fr\/blog\/musiques\/","title":{"rendered":"Musiques"},"content":{"rendered":"\n<p class=\"has-text-align-center\">5 morceaux de musique, d\u00e9di\u00e9s \u00e0 l&rsquo;univers des Chroniques de l\u2019\u00c9trange, s(er)ont mis \u00e0 disposition en acc\u00e8s libre.<\/p>\n","protected":false},"excerpt":{"rendered":"<p>5 morceaux de musique, d\u00e9di\u00e9s \u00e0 l&rsquo;univers des Chroniques de l\u2019\u00c9trange, s(er)ont mis \u00e0 disposition en acc\u00e8s libre.<\/p>\n","protected":false},"author":1,"featured_media":0,"parent":0,"menu_order":0,"comment_status":"closed","ping_status":"closed","template":"","meta":{"footnotes":""},"class_list":["post-250","page","type-page","status-publish","hentry"],"_links":{"self":[{"href":"https:\/\/chroniques-etrange-no.fr\/blog\/wp-json\/wp\/v2\/pages\/250","targetHints":{"allow":["GET"]}}],"collection":[{"href":"https:\/\/chroniques-etrange-no.fr\/blog\/wp-json\/wp\/v2\/pages"}],"about":[{"href":"https:\/\/chroniques-etrange-no.fr\/blog\/wp-json\/wp\/v2\/types\/page"}],"author":[{"embeddable":true,"href":"https:\/\/chroniques-etrange-no.fr\/blog\/wp-json\/wp\/v2\/users\/1"}],"replies":[{"embeddable":true,"href":"https:\/\/chroniques-etrange-no.fr\/blog\/wp-json\/wp\/v2\/comments?post=250"}],"version-history":[{"count":6,"href":"https:\/\/chroniques-etrange-no.fr\/blog\/wp-json\/wp\/v2\/pages\/250\/revisions"}],"predecessor-version":[{"id":337,"href":"https:\/\/chroniques-etrange-no.fr\/blog\/wp-json\/wp\/v2\/pages\/250\/revisions\/337"}],"wp:attachment":[{"href":"https:\/\/chroniques-etrange-no.fr\/blog\/wp-json\/wp\/v2\/media?parent=250"}],"curies":[{"name":"wp","href":"https:\/\/api.w.org\/{rel}","templated":true}]}}